{"id":2336,"date":"2022-02-24T14:11:38","date_gmt":"2022-02-24T14:11:38","guid":{"rendered":"https:\/\/platform.digifolk.eu\/resources\/"},"modified":"2025-01-17T15:20:16","modified_gmt":"2025-01-17T15:20:16","slug":"toolkit","status":"publish","type":"page","link":"https:\/\/platform.digifolk.eu\/tr\/toolkit\/","title":{"rendered":"Ara\u00e7lar"},"content":{"rendered":"<p><img decoding=\"async\" src=\"\/wp-content\/uploads\/2023\/05\/DigiFolk_WebsiteDesign_26042023_en-Recovered-27.svg\" alt=\"\"><\/p>\n<div>DIY DigiFolk K\u0131lavuzu: DigiFolk&#8217;u ke\u015ffetmek mi istiyorsunuz? T\u00fcm kaynaklar\u0131m\u0131z\u0131 anlamak ve etkili bir \u015fekilde kullanmak i\u00e7in temel yol haritan\u0131z olan DIY DigiFolk K\u0131lavuzu ile ba\u015flay\u0131n. Kendi ba\u015f\u0131n\u0131za ke\u015ffetmeyi mi tercih ediyorsunuz? Her bir kayna\u011fa \u00fczerlerine t\u0131klayarak ayr\u0131 ayr\u0131 da eri\u015febilirsiniz.<\/div>\n<hr>\n<div>\n<p>        <img decoding=\"async\" src=\"\/wp-content\/uploads\/2023\/05\/DigiFolk_WebsiteDesign_26042023_en-24.svg\" alt=\"\"><\/p>\n<h3>DIY DigiFolk Rehberi<\/h3>\n<div>DigiFolk&#8217;u uygulaman\u0131n her ad\u0131m\u0131nda size yol g\u00f6sterir. Her ad\u0131m, yolculu\u011funuzu desteklemek i\u00e7in e\u011fitimsel ve pratik kaynaklarla e\u015fle\u015ftirilir.<\/div>\n<p><a href=\"\/tr\/toolkit\/diy-digifolk-guide\">Devam\u0131n\u0131 oku<\/a><\/p>\n<\/div>\n<div>\n<p>        <img decoding=\"async\" src=\"\/wp-content\/uploads\/2023\/05\/DigiFolk_WebsiteDesign_26042023_en-23.svg\" alt=\"\"><\/p>\n<h3>DigiFolk Y\u00f6ntem K\u0131lavuzu<\/h3>\n<div>DigiFolk Y\u00f6ntem K\u0131lavuzu, DigiFolk&#8217;u uygulaman\u0131n her ad\u0131m\u0131nda size yol g\u00f6sterir. Her ad\u0131m, yolculu\u011funuzu desteklemek i\u00e7in e\u011fitici ve pratik kaynaklarla zenginle\u015ftirilmi\u015ftir.<\/div>\n<p><a href=\"\/tr\/toolkit\/ethnographic-methods-guide-methodology\/\">Devam\u0131n\u0131 oku<\/a><\/p>\n<\/div>\n<div>\n<p>        <img decoding=\"async\" src=\"\/wp-content\/uploads\/2024\/11\/Toolkit-Tale_Maps-08.svg\" alt=\"\"><\/p>\n<h3>DigiFolk Literat\u00fcr Taramas\u0131<\/h3>\n<div>Halk hikayelerinin nas\u0131l g\u00fc\u00e7l\u00fc s\u00f6zl\u00fc tarihler olarak hizmet etti\u011fini, egemen anlat\u0131lara meydan okudu\u011funu ve marjinalle\u015ftirilmi\u015f topluluklar\u0131n seslerini y\u00fckselten zengin, n\u00fcansl\u0131 hikayeleri nas\u0131l destekledi\u011fini ke\u015ffedin.<\/div>\n<p><a href=\"\/tr\/toolkit\/literature-review\/\">Devam\u0131n\u0131 oku<\/a><\/p>\n<\/div>\n<div>\n<p>        <img decoding=\"async\" src=\"\/wp-content\/uploads\/2024\/06\/DigiFolk_Educational-Videos.svg\" alt=\"DigiFolk_Educational-Videos\"><\/p>\n<h3>Mini belgeseller<\/h3>\n<div>DigiFolk&#8217;u \u0130\u015f Ba\u015f\u0131nda \u0130zleyin- DigiFolk ara\u015ft\u0131rma y\u00f6ntemlerinin projeye dahil olan d\u00f6rt \u015fehirde nas\u0131l hayata ge\u00e7irildi\u011fini g\u00f6steren mini belgesellerimizi ke\u015ffedin.<\/div>\n<p><a href=\"\/tr\/toolkit\/documentaries\/\">\u0130zle<\/a><\/p>\n<\/div>\n<div>\n<p>        <img decoding=\"async\" src=\"\/wp-content\/uploads\/2024\/11\/curation-guidelines.png\" alt=\"curation-guidelines\"><\/p>\n<h3>K\u00fcrasyon K\u0131lavuzu<\/h3>\n<div>Hikaye k\u00fcrat\u00f6rl\u00fc\u011f\u00fc, topluluk \u00fcyeleriyle yap\u0131lan g\u00f6r\u00fc\u015fmeler yoluyla toplanan hikayelerin dijital ortama aktar\u0131lmas\u0131 ve kamuoyuyla payla\u015f\u0131lmas\u0131 amac\u0131yla i\u015flenmesini i\u00e7erir. Bunu nas\u0131l yapaca\u011f\u0131n\u0131za dair ipu\u00e7lar\u0131 m\u0131 ar\u0131yorsunuz? Bu faydal\u0131 kaynaklara g\u00f6z at\u0131n!<\/div>\n<p><a href=\"\/tr\/toolkit\/curation-guidelines\/\">Devam\u0131n\u0131 oku<\/a><\/p>\n<\/div>\n<div>\n<p>        <img decoding=\"async\" src=\"\/wp-content\/uploads\/2024\/11\/Maps-Icon-BELGRADE.svg\" alt=\"Maps-Icon-BELGRADE\"><\/p>\n<h3>Actionbound QR kodlar\u0131 ve ekran kay\u0131tlar\u0131<\/h3>\n<div>ActionBound&#8217;u d\u00f6rt \u015fehirde interaktif \u015fehir turlar\u0131 olu\u015fturmak i\u00e7in kulland\u0131k; bu turlarda se\u00e7ilmi\u015f hikayeler kat\u0131l\u0131mc\u0131lar\u0131m\u0131z taraf\u0131ndan se\u00e7ilen mekanlarla e\u015fle\u015ftirildi. Bu turlar\u0131n ekran kay\u0131tlar\u0131n\u0131 izlemek i\u00e7in buraya t\u0131klay\u0131n ve turlar\u0131 kendiniz deneyimlemek i\u00e7in QR kodlar\u0131n\u0131 tarat\u0131n!<\/div>\n<p><a href=\"\/tr\/toolkit\/actionbound\">Devam\u0131n\u0131 oku<\/a><\/p>\n<\/div>\n<div>\n<p>        <img decoding=\"async\" src=\"\/wp-content\/uploads\/2023\/06\/project-intro-15-17.svg\" alt=\"\"><\/p>\n<h3>M\u00fclakat Rehberi<\/h3>\n<div>Bu belge, kat\u0131l\u0131mc\u0131larla yapt\u0131\u011f\u0131m\u0131z g\u00f6r\u00fc\u015fmelere rehberlik ederek, birlikte b\u00fcy\u00fcd\u00fckleri hikayeleri ve bunlar\u0131n ard\u0131ndaki daha derin anlamlar\u0131 ortaya \u00e7\u0131karmam\u0131za yard\u0131mc\u0131 oldu.<\/div>\n<p><a href=\"\/wp-content\/uploads\/2025\/01\/Interview-Guide_TR.pdf\">PDF olarak g\u00f6r\u00fcnt\u00fcle<\/a><\/p>\n<\/div>\n<div>\n<p>        <img decoding=\"async\" src=\"\/wp-content\/uploads\/2023\/06\/project-intro-15-17.svg\" alt=\"\"><\/p>\n<h3>Bilgilendirilmi\u015f Onam Formu<\/h3>\n<div>Bu, kat\u0131l\u0131mc\u0131lar\u0131m\u0131z\u0131n DigiFolk&#8217;un ki\u015fisel hikayelerini toplama, k\u00fcrat\u00f6rl\u00fc\u011f\u00fcn\u00fc yapma ve dijitalle\u015ftirme misyonunda yer almadan \u00f6nce okuduklar\u0131 ve kabul ettikleri onam formudur.<\/div>\n<p><a href=\"\/wp-content\/uploads\/2025\/01\/DigiFolk_CONSENT-FORM-in-TR.pdf\">PDF olarak g\u00f6r\u00fcnt\u00fcle<\/a><\/p>\n<\/div>\n<div>\n<p>        <img decoding=\"async\" src=\"\/wp-content\/uploads\/2023\/06\/project-intro-15-17.svg\" alt=\"\"><\/p>\n<h3>Dijitalle\u015ftirme K\u0131lavuzu<\/h3>\n<div>Hikayeleri dijital ortama aktar\u0131rken en iyi kaliteyi elde etmek amac\u0131yla r\u00f6portaj \u00e7ekim s\u00fcrecinizi optimize etmek i\u00e7in bu basit k\u0131lavuzu izleyin.<\/div>\n<p><a href=\"\/wp-content\/uploads\/2025\/01\/DigiFolk_DigitalisationGuidelines_Turkish.docx.pdf\">PDF olarak g\u00f6r\u00fcnt\u00fcle<\/a><\/p>\n<\/div>\n<p><!--more--><br \/>\n<!-- {\"type\":\"layout\",\"children\":[{\"type\":\"section\",\"props\":{\"image_position\":\"center-center\",\"padding_remove_top\":true,\"style\":\"default\",\"title_breakpoint\":\"xl\",\"title_position\":\"top-left\",\"title_rotation\":\"left\",\"vertical_align\":\"middle\",\"width\":\"default\"},\"children\":[{\"type\":\"row\",\"children\":[{\"type\":\"column\",\"props\":{\"image_position\":\"center-center\",\"media_overlay_gradient\":\"\",\"position_sticky_breakpoint\":\"m\"},\"children\":[{\"type\":\"image\",\"props\":{\"image\":\"wp-content\\\/uploads\\\/2023\\\/05\\\/DigiFolk_WebsiteDesign_26042023_en-Recovered-27.svg\",\"image_svg_color\":\"emphasis\",\"margin\":\"default\"}}]}]}]},{\"type\":\"section\",\"props\":{\"animation\":\"slide-bottom-medium\",\"animation_delay\":\"250\",\"height\":\"expand\",\"image_position\":\"center-center\",\"padding_remove_top\":true,\"style\":\"default\",\"title_breakpoint\":\"xl\",\"title_position\":\"top-left\",\"title_rotation\":\"left\",\"vertical_align\":\"middle\",\"width\":\"small\"},\"children\":[{\"type\":\"row\",\"children\":[{\"type\":\"column\",\"props\":{\"image_position\":\"center-center\",\"media_overlay_gradient\":\"\",\"position_sticky_breakpoint\":\"m\"},\"children\":[{\"type\":\"text\",\"props\":{\"column_breakpoint\":\"m\",\"content\":\"DIY DigiFolk K\\u0131lavuzu: DigiFolk'u ke\\u015ffetmek mi istiyorsunuz? T\\u00fcm kaynaklar\\u0131m\\u0131z\\u0131 anlamak ve etkili bir \\u015fekilde kullanmak i\\u00e7in temel yol haritan\\u0131z olan DIY DigiFolk K\\u0131lavuzu ile ba\\u015flay\\u0131n. Kendi ba\\u015f\\u0131n\\u0131za ke\\u015ffetmeyi mi tercih ediyorsunuz? Her bir kayna\\u011fa \\u00fczerlerine t\\u0131klayarak ayr\\u0131 ayr\\u0131 da eri\\u015febilirsiniz.\",\"margin\":\"default\",\"text_style\":\"large\"}},{\"type\":\"divider\",\"props\":{\"class\":\"uk-hidden\",\"divider_element\":\"hr\"}}]}]},{\"type\":\"row\",\"children\":[{\"type\":\"column\",\"props\":{\"image_position\":\"center-center\",\"media_overlay_gradient\":\"\",\"position_sticky_breakpoint\":\"m\",\"width_medium\":\"1-2\"},\"children\":[{\"type\":\"panel\",\"props\":{\"block_align\":\"center\",\"content\":\"DigiFolk'u uygulaman\\u0131n her ad\\u0131m\\u0131nda size yol g\\u00f6sterir. Her ad\\u0131m, yolculu\\u011funuzu desteklemek i\\u00e7in e\\u011fitimsel ve pratik kaynaklarla e\\u015fle\\u015ftirilir.\",\"content_column_breakpoint\":\"m\",\"css\":\".el-title {\\n\\tfont-weight: bold;\\n}\\n.el-image {\\n\\tmax-width: 75px;\\n}\",\"icon_width\":80,\"image\":\"wp-content\\\/uploads\\\/2023\\\/05\\\/DigiFolk_WebsiteDesign_26042023_en-24.svg\",\"image_align\":\"left\",\"image_alt\":\"\",\"image_grid_breakpoint\":\"m\",\"image_grid_width\":\"auto\",\"image_loading\":true,\"image_svg_color\":\"emphasis\",\"link\":\"tr\\\/toolkit\\\/diy-digifolk-guide\",\"link_style\":\"default\",\"link_target\":false,\"link_text\":\"Devam\\u0131n\\u0131 oku\",\"margin\":\"default\",\"meta_align\":\"below-title\",\"meta_element\":\"div\",\"meta_style\":\"text-meta\",\"title\":\"DIY DigiFolk Rehberi\",\"title_align\":\"top\",\"title_color\":\"secondary\",\"title_element\":\"h3\",\"title_grid_breakpoint\":\"m\",\"title_grid_width\":\"1-2\",\"title_hover_style\":\"reset\"},\"name\":\"DIY Digifolk Guide\"}]},{\"type\":\"column\",\"props\":{\"image_position\":\"center-center\",\"media_overlay_gradient\":\"\",\"position_sticky_breakpoint\":\"m\",\"width_medium\":\"1-2\"},\"children\":[{\"type\":\"panel\",\"props\":{\"block_align\":\"center\",\"content\":\"DigiFolk Y\\u00f6ntem K\\u0131lavuzu, DigiFolk'u uygulaman\\u0131n her ad\\u0131m\\u0131nda size yol g\\u00f6sterir. Her ad\\u0131m, yolculu\\u011funuzu desteklemek i\\u00e7in e\\u011fitici ve pratik kaynaklarla zenginle\\u015ftirilmi\\u015ftir.\",\"content_column_breakpoint\":\"m\",\"css\":\".el-title {\\n\\tfont-weight: bold;\\n}\\n.el-image {\\n\\tmax-width: 75px;\\n}\",\"icon_width\":80,\"image\":\"wp-content\\\/uploads\\\/2023\\\/05\\\/DigiFolk_WebsiteDesign_26042023_en-23.svg\",\"image_align\":\"left\",\"image_grid_breakpoint\":\"m\",\"image_grid_width\":\"auto\",\"image_svg_color\":\"emphasis\",\"link\":\"tr\\\/toolkit\\\/ethnographic-methods-guide-methodology\\\/\",\"link_style\":\"default\",\"link_target\":false,\"link_text\":\"Devam\\u0131n\\u0131 oku\",\"margin\":\"default\",\"meta_align\":\"below-title\",\"meta_element\":\"div\",\"meta_style\":\"text-meta\",\"title\":\"DigiFolk Y\\u00f6ntem K\\u0131lavuzu\",\"title_align\":\"top\",\"title_color\":\"secondary\",\"title_element\":\"h3\",\"title_grid_breakpoint\":\"m\",\"title_grid_width\":\"1-2\",\"title_hover_style\":\"reset\"},\"name\":\"DigiFolk Methodology Guide\"}]}],\"props\":{\"divider\":true,\"layout\":\"1-2,1-2\",\"match\":true}},{\"type\":\"row\",\"children\":[{\"type\":\"column\",\"props\":{\"image_position\":\"center-center\",\"media_overlay_gradient\":\"\",\"position_sticky_breakpoint\":\"m\",\"width_medium\":\"1-2\"},\"children\":[{\"type\":\"panel\",\"props\":{\"block_align\":\"center\",\"content\":\"Halk hikayelerinin nas\\u0131l g\\u00fc\\u00e7l\\u00fc s\\u00f6zl\\u00fc tarihler olarak hizmet etti\\u011fini, egemen anlat\\u0131lara meydan okudu\\u011funu ve marjinalle\\u015ftirilmi\\u015f topluluklar\\u0131n seslerini y\\u00fckselten zengin, n\\u00fcansl\\u0131 hikayeleri nas\\u0131l destekledi\\u011fini ke\\u015ffedin.\",\"content_column_breakpoint\":\"m\",\"css\":\".el-title {\\n\\tfont-weight: bold;\\n}\\n.el-image {\\n\\tmax-width: 75px;\\n}\",\"icon_width\":80,\"image\":\"wp-content\\\/uploads\\\/2024\\\/11\\\/Toolkit-Tale_Maps-08.svg\",\"image_align\":\"left\",\"image_grid_breakpoint\":\"m\",\"image_grid_width\":\"auto\",\"image_svg_color\":\"emphasis\",\"link\":\"tr\\\/toolkit\\\/literature-review\\\/\",\"link_style\":\"default\",\"link_target\":false,\"link_text\":\"Devam\\u0131n\\u0131 oku\",\"margin\":\"default\",\"meta_align\":\"below-title\",\"meta_element\":\"div\",\"meta_style\":\"text-meta\",\"title\":\"DigiFolk Literat\\u00fcr Taramas\\u0131\",\"title_align\":\"top\",\"title_color\":\"secondary\",\"title_element\":\"h3\",\"title_grid_breakpoint\":\"m\",\"title_grid_width\":\"1-2\",\"title_hover_style\":\"reset\"},\"name\":\"Literature review\"}]},{\"type\":\"column\",\"props\":{\"image_position\":\"center-center\",\"media_overlay_gradient\":\"\",\"position_sticky_breakpoint\":\"m\",\"width_medium\":\"1-2\"},\"children\":[{\"type\":\"panel\",\"props\":{\"block_align\":\"center\",\"content\":\"DigiFolk'u \\u0130\\u015f Ba\\u015f\\u0131nda \\u0130zleyin- DigiFolk ara\\u015ft\\u0131rma y\\u00f6ntemlerinin projeye dahil olan d\\u00f6rt \\u015fehirde nas\\u0131l hayata ge\\u00e7irildi\\u011fini g\\u00f6steren mini belgesellerimizi ke\\u015ffedin.\",\"content_column_breakpoint\":\"m\",\"css\":\".el-title {\\n\\tfont-weight: bold;\\n}\\n.el-image {\\n\\tmax-width: 75px;\\n}\",\"icon_width\":80,\"image\":\"wp-content\\\/uploads\\\/2024\\\/06\\\/DigiFolk_Educational-Videos.svg\",\"image_align\":\"left\",\"image_alt\":\"DigiFolk_Educational-Videos\",\"image_grid_breakpoint\":\"m\",\"image_grid_width\":\"auto\",\"image_svg_color\":\"emphasis\",\"link\":\"tr\\\/toolkit\\\/documentaries\\\/\",\"link_style\":\"default\",\"link_target\":false,\"link_text\":\"\\u0130zle\",\"margin\":\"default\",\"meta_align\":\"below-title\",\"meta_element\":\"div\",\"meta_style\":\"text-meta\",\"title\":\"Mini belgeseller\",\"title_align\":\"top\",\"title_color\":\"secondary\",\"title_element\":\"h3\",\"title_grid_breakpoint\":\"m\",\"title_grid_width\":\"1-2\",\"title_hover_style\":\"reset\"},\"name\":\"Mini-documentaries\"}]}],\"props\":{\"divider\":true,\"layout\":\"1-2,1-2\",\"match\":true}},{\"type\":\"row\",\"children\":[{\"type\":\"column\",\"props\":{\"image_position\":\"center-center\",\"media_overlay_gradient\":\"\",\"position_sticky_breakpoint\":\"m\",\"width_medium\":\"1-2\"},\"children\":[{\"type\":\"panel\",\"props\":{\"block_align\":\"center\",\"content\":\"Hikaye k\\u00fcrat\\u00f6rl\\u00fc\\u011f\\u00fc, topluluk \\u00fcyeleriyle yap\\u0131lan g\\u00f6r\\u00fc\\u015fmeler yoluyla toplanan hikayelerin dijital ortama aktar\\u0131lmas\\u0131 ve kamuoyuyla payla\\u015f\\u0131lmas\\u0131 amac\\u0131yla i\\u015flenmesini i\\u00e7erir. Bunu nas\\u0131l yapaca\\u011f\\u0131n\\u0131za dair ipu\\u00e7lar\\u0131 m\\u0131 ar\\u0131yorsunuz? Bu faydal\\u0131 kaynaklara g\\u00f6z at\\u0131n!\",\"content_column_breakpoint\":\"m\",\"css\":\".el-title {\\n\\tfont-weight: bold;\\n}\\n.el-image {\\n\\tmax-width: 75px;\\n}\",\"icon_width\":80,\"image\":\"wp-content\\\/uploads\\\/2024\\\/11\\\/curation-guidelines.png\",\"image_align\":\"left\",\"image_alt\":\"curation-guidelines\",\"image_grid_breakpoint\":\"m\",\"image_grid_width\":\"auto\",\"image_loading\":true,\"image_svg_color\":\"emphasis\",\"link\":\"tr\\\/toolkit\\\/curation-guidelines\\\/\",\"link_style\":\"default\",\"link_target\":false,\"link_text\":\"Devam\\u0131n\\u0131 oku\",\"margin\":\"default\",\"meta_align\":\"below-title\",\"meta_element\":\"div\",\"meta_style\":\"text-meta\",\"title\":\"K\\u00fcrasyon K\\u0131lavuzu\",\"title_align\":\"top\",\"title_color\":\"secondary\",\"title_element\":\"h3\",\"title_grid_breakpoint\":\"m\",\"title_grid_width\":\"1-2\",\"title_hover_style\":\"reset\"},\"name\":\"Curation guidelines\"}]},{\"type\":\"column\",\"props\":{\"image_position\":\"center-center\",\"media_overlay_gradient\":\"\",\"position_sticky_breakpoint\":\"m\",\"width_medium\":\"1-2\"},\"children\":[{\"type\":\"panel\",\"props\":{\"block_align\":\"center\",\"content\":\"ActionBound'u d\\u00f6rt \\u015fehirde interaktif \\u015fehir turlar\\u0131 olu\\u015fturmak i\\u00e7in kulland\\u0131k; bu turlarda se\\u00e7ilmi\\u015f hikayeler kat\\u0131l\\u0131mc\\u0131lar\\u0131m\\u0131z taraf\\u0131ndan se\\u00e7ilen mekanlarla e\\u015fle\\u015ftirildi. Bu turlar\\u0131n ekran kay\\u0131tlar\\u0131n\\u0131 izlemek i\\u00e7in buraya t\\u0131klay\\u0131n ve turlar\\u0131 kendiniz deneyimlemek i\\u00e7in QR kodlar\\u0131n\\u0131 tarat\\u0131n!\",\"content_column_breakpoint\":\"m\",\"css\":\".el-title {\\n\\tfont-weight: bold;\\n}\\n.el-image {\\n\\tmax-width: 75px;\\n}\",\"icon_width\":80,\"image\":\"wp-content\\\/uploads\\\/2024\\\/11\\\/Maps-Icon-BELGRADE.svg\",\"image_align\":\"left\",\"image_alt\":\"Maps-Icon-BELGRADE\",\"image_grid_breakpoint\":\"m\",\"image_grid_width\":\"auto\",\"image_loading\":true,\"image_svg_color\":\"emphasis\",\"link\":\"tr\\\/toolkit\\\/actionbound\",\"link_style\":\"default\",\"link_target\":false,\"link_text\":\"Devam\\u0131n\\u0131 oku\",\"margin\":\"default\",\"meta_align\":\"below-title\",\"meta_element\":\"div\",\"meta_style\":\"text-meta\",\"title\":\"Actionbound QR kodlar\\u0131 ve ekran kay\\u0131tlar\\u0131\",\"title_align\":\"top\",\"title_color\":\"secondary\",\"title_element\":\"h3\",\"title_grid_breakpoint\":\"m\",\"title_grid_width\":\"1-2\",\"title_hover_style\":\"reset\"},\"name\":\"Actionbound QRs and screen recording\"}]}],\"props\":{\"divider\":true,\"layout\":\"1-2,1-2\",\"match\":true}},{\"type\":\"row\",\"children\":[{\"type\":\"column\",\"props\":{\"image_position\":\"center-center\",\"media_overlay_gradient\":\"\",\"position_sticky_breakpoint\":\"m\",\"width_medium\":\"1-2\"},\"children\":[{\"type\":\"panel\",\"props\":{\"block_align\":\"center\",\"content\":\"Bu belge, kat\\u0131l\\u0131mc\\u0131larla yapt\\u0131\\u011f\\u0131m\\u0131z g\\u00f6r\\u00fc\\u015fmelere rehberlik ederek, birlikte b\\u00fcy\\u00fcd\\u00fckleri hikayeleri ve bunlar\\u0131n ard\\u0131ndaki daha derin anlamlar\\u0131 ortaya \\u00e7\\u0131karmam\\u0131za yard\\u0131mc\\u0131 oldu.\",\"content_column_breakpoint\":\"m\",\"css\":\".el-title {\\n\\tfont-weight: bold;\\n}\\n.el-image {\\n\\tmax-width: 75px;\\n}\",\"icon_width\":80,\"image\":\"wp-content\\\/uploads\\\/2023\\\/06\\\/project-intro-15-17.svg\",\"image_align\":\"left\",\"image_alt\":\"\",\"image_grid_breakpoint\":\"m\",\"image_grid_width\":\"auto\",\"image_loading\":true,\"image_svg_color\":\"emphasis\",\"link\":\"wp-content\\\/uploads\\\/2025\\\/01\\\/Interview-Guide_TR.pdf\",\"link_style\":\"default\",\"link_target\":true,\"link_text\":\"PDF olarak g\\u00f6r\\u00fcnt\\u00fcle\",\"margin\":\"default\",\"meta_align\":\"below-title\",\"meta_element\":\"div\",\"meta_style\":\"text-meta\",\"title\":\"M\\u00fclakat Rehberi\",\"title_align\":\"top\",\"title_color\":\"primary\",\"title_element\":\"h3\",\"title_grid_breakpoint\":\"m\",\"title_grid_width\":\"1-2\",\"title_hover_style\":\"reset\"},\"name\":\"Interview guide\"}]},{\"type\":\"column\",\"props\":{\"image_position\":\"center-center\",\"media_overlay_gradient\":\"\",\"position_sticky_breakpoint\":\"m\",\"width_medium\":\"1-2\"},\"children\":[{\"type\":\"panel\",\"props\":{\"block_align\":\"center\",\"content\":\"Bu, kat\\u0131l\\u0131mc\\u0131lar\\u0131m\\u0131z\\u0131n DigiFolk'un ki\\u015fisel hikayelerini toplama, k\\u00fcrat\\u00f6rl\\u00fc\\u011f\\u00fcn\\u00fc yapma ve dijitalle\\u015ftirme misyonunda yer almadan \\u00f6nce okuduklar\\u0131 ve kabul ettikleri onam formudur.\",\"content_column_breakpoint\":\"m\",\"css\":\".el-title {\\n\\tfont-weight: bold;\\n}\\n.el-image {\\n\\tmax-width: 75px;\\n}\",\"icon_width\":80,\"image\":\"wp-content\\\/uploads\\\/2023\\\/06\\\/project-intro-15-17.svg\",\"image_align\":\"left\",\"image_alt\":\"\",\"image_grid_breakpoint\":\"m\",\"image_grid_width\":\"auto\",\"image_loading\":true,\"image_svg_color\":\"emphasis\",\"link\":\"wp-content\\\/uploads\\\/2025\\\/01\\\/DigiFolk_CONSENT-FORM-in-TR.pdf\",\"link_style\":\"default\",\"link_target\":true,\"link_text\":\"PDF olarak g\\u00f6r\\u00fcnt\\u00fcle\",\"margin\":\"default\",\"meta_align\":\"below-title\",\"meta_element\":\"div\",\"meta_style\":\"text-meta\",\"title\":\"Bilgilendirilmi\\u015f Onam Formu\",\"title_align\":\"top\",\"title_color\":\"primary\",\"title_element\":\"h3\",\"title_grid_breakpoint\":\"m\",\"title_grid_width\":\"1-2\",\"title_hover_style\":\"reset\"},\"name\":\"Informed consent formm\"}]}],\"props\":{\"divider\":true,\"layout\":\"1-2,1-2\",\"match\":true}},{\"type\":\"row\",\"children\":[{\"type\":\"column\",\"props\":{\"image_position\":\"center-center\",\"media_overlay_gradient\":\"\",\"position_sticky_breakpoint\":\"m\",\"width_medium\":\"1-2\"},\"children\":[{\"type\":\"panel\",\"props\":{\"block_align\":\"center\",\"content\":\"Hikayeleri dijital ortama aktar\\u0131rken en iyi kaliteyi elde etmek amac\\u0131yla r\\u00f6portaj \\u00e7ekim s\\u00fcrecinizi optimize etmek i\\u00e7in bu basit k\\u0131lavuzu izleyin.\",\"content_column_breakpoint\":\"m\",\"css\":\".el-title {\\n\\tfont-weight: bold;\\n}\\n.el-image {\\n\\tmax-width: 75px;\\n}\",\"icon_width\":80,\"image\":\"wp-content\\\/uploads\\\/2023\\\/06\\\/project-intro-15-17.svg\",\"image_align\":\"left\",\"image_alt\":\"\",\"image_grid_breakpoint\":\"m\",\"image_grid_width\":\"auto\",\"image_loading\":true,\"image_svg_color\":\"emphasis\",\"link\":\"wp-content\\\/uploads\\\/2025\\\/01\\\/DigiFolk_DigitalisationGuidelines_Turkish.docx.pdf\",\"link_style\":\"default\",\"link_target\":true,\"link_text\":\"PDF olarak g\\u00f6r\\u00fcnt\\u00fcle\",\"margin\":\"default\",\"meta_align\":\"below-title\",\"meta_element\":\"div\",\"meta_style\":\"text-meta\",\"title\":\"Dijitalle\\u015ftirme K\\u0131lavuzu\",\"title_align\":\"top\",\"title_color\":\"primary\",\"title_element\":\"h3\",\"title_grid_breakpoint\":\"m\",\"title_grid_width\":\"1-2\",\"title_hover_style\":\"reset\"},\"name\":\"Digitization guidelines\"}]},{\"type\":\"column\",\"props\":{\"image_position\":\"center-center\",\"media_overlay_gradient\":\"\",\"position_sticky_breakpoint\":\"m\",\"width_medium\":\"1-2\"},\"children\":[]}],\"props\":{\"divider\":true,\"layout\":\"1-2,1-2\",\"match\":true}},{\"type\":\"row\",\"children\":[{\"type\":\"column\",\"props\":{\"image_position\":\"center-center\",\"media_overlay_gradient\":\"\",\"position_sticky_breakpoint\":\"m\"},\"children\":[{\"type\":\"totop\",\"props\":{\"animation\":\"slide-bottom-medium\",\"css\":\".el-title a {\\n    color: #56b79b;\\n}\\n.el-title {\\n\\tfont-weight: bold;\\n    font-size: large;\\n    color: #56b79b;\\n}\",\"link_title\":\"\",\"margin\":\"default\",\"text_align\":\"center\",\"title\":\"<a href=\\\"#\\\" uk-scroll=\\\"\\\">Ba\\u015fa d\\u00f6n<\\\/a>\",\"title_grid_column_gap\":\"small\",\"title_grid_row_gap\":\"small\"}}]}],\"props\":{\"margin\":\"medium\"}}]}],\"version\":\"3.0.20\"} --><\/p>\n","protected":false},"excerpt":{"rendered":"<p>DIY DigiFolk K\u0131lavuzu: DigiFolk&#8217;u ke\u015ffetmek mi istiyorsunuz? T\u00fcm kaynaklar\u0131m\u0131z\u0131 anlamak ve etkili bir \u015fekilde kullanmak i\u00e7in temel yol haritan\u0131z olan DIY DigiFolk K\u0131lavuzu ile ba\u015flay\u0131n&#8230;<\/p>\n","protected":false},"author":1,"featured_media":0,"parent":0,"menu_order":0,"comment_status":"closed","ping_status":"closed","template":"","meta":{"_acf_changed":false,"inline_featured_image":false,"footnotes":""},"class_list":["post-2336","page","type-page","status-publish","hentry"],"acf":[],"_links":{"self":[{"href":"https:\/\/platform.digifolk.eu\/tr\/wp-json\/wp\/v2\/pages\/2336","targetHints":{"allow":["GET"]}}],"collection":[{"href":"https:\/\/platform.digifolk.eu\/tr\/wp-json\/wp\/v2\/pages"}],"about":[{"href":"https:\/\/platform.digifolk.eu\/tr\/wp-json\/wp\/v2\/types\/page"}],"author":[{"embeddable":true,"href":"https:\/\/platform.digifolk.eu\/tr\/wp-json\/wp\/v2\/users\/1"}],"replies":[{"embeddable":true,"href":"https:\/\/platform.digifolk.eu\/tr\/wp-json\/wp\/v2\/comments?post=2336"}],"version-history":[{"count":19,"href":"https:\/\/platform.digifolk.eu\/tr\/wp-json\/wp\/v2\/pages\/2336\/revisions"}],"predecessor-version":[{"id":5193,"href":"https:\/\/platform.digifolk.eu\/tr\/wp-json\/wp\/v2\/pages\/2336\/revisions\/5193"}],"wp:attachment":[{"href":"https:\/\/platform.digifolk.eu\/tr\/wp-json\/wp\/v2\/media?parent=2336"}],"curies":[{"name":"wp","href":"https:\/\/api.w.org\/{rel}","templated":true}]}}