{"id":2340,"date":"2022-02-24T14:11:37","date_gmt":"2022-02-24T14:11:37","guid":{"rendered":"https:\/\/platform.digifolk.eu\/stories\/"},"modified":"2024-12-23T12:26:31","modified_gmt":"2024-12-23T12:26:31","slug":"tale-maps","status":"publish","type":"page","link":"https:\/\/platform.digifolk.eu\/tr\/tale-maps\/","title":{"rendered":"Hikaye Haritalar\u0131"},"content":{"rendered":"<p><img decoding=\"async\" src=\"\/wp-content\/uploads\/2023\/05\/DigiFolk_WebsiteDesign_26042023_en-Recovered-27.svg\" alt=\"\"><\/p>\n<h1>Hikaye Haritalar\u0131<\/h1>\n<ul>\n<li>\n<p>        <img decoding=\"async\" src=\"\/wp-content\/uploads\/2024\/11\/Maps-Icon-GRONINGEN.svg\" alt=\"Maps-Icon-NICOSIA\"><\/p>\n<h4>Tale Maps &#8211; Nicosia<\/h4>\n<p><a href=\"\/tr\/tale-maps\/tale-maps-nicosia\/\">Lefko\u015fa<\/a><\/p>\n<\/li>\n<li>\n<p>        <img decoding=\"async\" src=\"\/wp-content\/uploads\/2024\/11\/Maps-Icon-BELGRADE.svg\" alt=\"Maps-Icon-BELGRADE\"><\/p>\n<h4>Tale Maps &#8211; Belgrade<\/h4>\n<p><a href=\"\/tr\/tale-maps\/tale-maps-belgrade\/\">Belgrad<\/a><\/p>\n<\/li>\n<li>\n<p>        <img decoding=\"async\" src=\"\/wp-content\/uploads\/2024\/11\/Maps-Icon-ANKARA.svg\" alt=\"Maps-Icon-ANKARA\"><\/p>\n<h4>Tale Maps &#8211; Ankara<\/h4>\n<p><a href=\"\/tr\/tale-maps\/tale-maps-ankara\/\">Ankara<\/a><\/p>\n<\/li>\n<li>\n<p>        <img decoding=\"async\" src=\"\/wp-content\/uploads\/2024\/11\/Maps-Icon-NICOSIA.svg\" alt=\"Maps-Icon-GRONINGEN\"><\/p>\n<h4>Tale Maps &#8211; Groningen<\/h4>\n<p><a href=\"\/tr\/tale-maps\/tale-maps-groningen\/\">Groningen<\/a><\/p>\n<\/li>\n<\/ul>\n<div>Burada DigiFolk&#8217;a kat\u0131lan \u015fehirlerin haritalar\u0131n\u0131 bulacaks\u0131n\u0131z. Her haritada, hikaye anlat\u0131c\u0131lar\u0131m\u0131z taraf\u0131ndan hikayelerini daha geni\u015f kitlelerle payla\u015fmak istedikleri yerler olarak se\u00e7ilen 10 konum yer almaktad\u0131r. Her bir konuma t\u0131klayarak buray\u0131 se\u00e7en hikaye anlat\u0131c\u0131s\u0131n\u0131n hikayesini izleyebilirsiniz.<\/div>\n<p><!--more--><br \/>\n<!-- {\"type\":\"layout\",\"children\":[{\"type\":\"section\",\"props\":{\"image_position\":\"center-center\",\"padding_remove_top\":true,\"style\":\"default\",\"title_breakpoint\":\"xl\",\"title_position\":\"top-left\",\"title_rotation\":\"left\",\"vertical_align\":\"middle\",\"width\":\"default\"},\"children\":[{\"type\":\"row\",\"children\":[{\"type\":\"column\",\"props\":{\"image_position\":\"center-center\",\"media_overlay_gradient\":\"\",\"position_sticky_breakpoint\":\"m\"},\"children\":[{\"type\":\"image\",\"props\":{\"image\":\"wp-content\\\/uploads\\\/2023\\\/05\\\/DigiFolk_WebsiteDesign_26042023_en-Recovered-27.svg\",\"image_svg_color\":\"emphasis\",\"margin\":\"default\"}}]}]}]},{\"type\":\"section\",\"props\":{\"animation\":\"fade\",\"animation_delay\":\"250\",\"class\":\"\",\"image_position\":\"center-center\",\"padding_remove_top\":true,\"style\":\"default\",\"title_breakpoint\":\"xl\",\"title_position\":\"top-left\",\"title_rotation\":\"left\",\"vertical_align\":\"middle\",\"width\":\"small\"},\"children\":[{\"type\":\"row\",\"children\":[{\"type\":\"column\",\"props\":{\"image_position\":\"center-center\",\"media_overlay_gradient\":\"\",\"position_sticky_breakpoint\":\"m\",\"width_medium\":\"1-2\"},\"children\":[{\"type\":\"headline\",\"props\":{\"content\":\"Hikaye Haritalar\\u0131\",\"css\":\".el-element {\\n\\tfont-weight: bold;\\n}\",\"title_color\":\"secondary\",\"title_element\":\"h1\",\"title_style\":\"h2\"}},{\"type\":\"grid\",\"props\":{\"content_column_breakpoint\":\"m\",\"css\":\".el-image {\\n\\nmax-height:180px;\\n   display: block;\\n  margin-left: auto;\\n  margin-right: auto;\\n}\\n\\n.el-title{\\n    font-size:20px;\\n    color:#56b79b;\\n    text-align:center;\\n    display: none;\\n}\\n\\\/*.el-link {\\n\\tdisplay: none;\\n}*\\\/\",\"filter_align\":\"left\",\"filter_all\":true,\"filter_grid_breakpoint\":\"m\",\"filter_grid_width\":\"auto\",\"filter_position\":\"top\",\"filter_style\":\"tab\",\"grid_column_align\":true,\"grid_column_gap\":\"large\",\"grid_default\":\"1\",\"grid_medium\":\"2\",\"grid_row_align\":true,\"grid_row_gap\":\"large\",\"grid_small\":\"2\",\"icon_width\":80,\"image_align\":\"top\",\"image_grid_breakpoint\":\"m\",\"image_grid_width\":\"1-2\",\"image_svg_color\":\"emphasis\",\"item_animation\":true,\"link_style\":\"default\",\"link_text\":\"Read more\",\"margin\":\"default\",\"meta_align\":\"below-title\",\"meta_element\":\"div\",\"meta_style\":\"text-meta\",\"panel_link\":true,\"show_content\":false,\"show_image\":true,\"show_link\":true,\"show_meta\":false,\"show_title\":true,\"text_align\":\"center\",\"title_align\":\"top\",\"title_element\":\"h4\",\"title_grid_breakpoint\":\"m\",\"title_grid_width\":\"1-2\",\"title_hover_style\":\"reset\",\"title_margin\":\"small\",\"title_style\":\"text-lead\"},\"children\":[{\"type\":\"grid_item\",\"props\":{\"image\":\"wp-content\\\/uploads\\\/2024\\\/11\\\/Maps-Icon-GRONINGEN.svg\",\"image_alt\":\"Maps-Icon-NICOSIA\",\"link\":\"tr\\\/tale-maps\\\/tale-maps-nicosia\\\/\",\"link_text\":\"Lefko\\u015fa\",\"title\":\"Tale Maps - Nicosia\"}},{\"type\":\"grid_item\",\"props\":{\"image\":\"wp-content\\\/uploads\\\/2024\\\/11\\\/Maps-Icon-BELGRADE.svg\",\"image_alt\":\"Maps-Icon-BELGRADE\",\"link\":\"tr\\\/tale-maps\\\/tale-maps-belgrade\\\/\",\"link_text\":\"Belgrad\",\"title\":\"Tale Maps - Belgrade\"}},{\"type\":\"grid_item\",\"props\":{\"image\":\"wp-content\\\/uploads\\\/2024\\\/11\\\/Maps-Icon-ANKARA.svg\",\"image_alt\":\"Maps-Icon-ANKARA\",\"link\":\"tr\\\/tale-maps\\\/tale-maps-ankara\\\/\",\"link_text\":\"Ankara\",\"title\":\"Tale Maps - Ankara\"}},{\"type\":\"grid_item\",\"props\":{\"image\":\"wp-content\\\/uploads\\\/2024\\\/11\\\/Maps-Icon-NICOSIA.svg\",\"image_alt\":\"Maps-Icon-GRONINGEN\",\"link\":\"tr\\\/tale-maps\\\/tale-maps-groningen\\\/\",\"link_text\":\"Groningen\",\"title\":\"Tale Maps - Groningen\"}}],\"name\":\"Cities - tale map links\"}]},{\"type\":\"column\",\"props\":{\"image_position\":\"center-center\",\"media_overlay_gradient\":\"\",\"position_sticky_breakpoint\":\"m\",\"width_medium\":\"1-2\"},\"children\":[{\"type\":\"text\",\"props\":{\"column_breakpoint\":\"m\",\"content\":\"Burada DigiFolk'a kat\\u0131lan \\u015fehirlerin haritalar\\u0131n\\u0131 bulacaks\\u0131n\\u0131z. Her haritada, hikaye anlat\\u0131c\\u0131lar\\u0131m\\u0131z taraf\\u0131ndan hikayelerini daha geni\\u015f kitlelerle payla\\u015fmak istedikleri yerler olarak se\\u00e7ilen 10 konum yer almaktad\\u0131r. Her bir konuma t\\u0131klayarak buray\\u0131 se\\u00e7en hikaye anlat\\u0131c\\u0131s\\u0131n\\u0131n hikayesini izleyebilirsiniz.\",\"margin\":\"default\"}}]}],\"props\":{\"divider\":true,\"layout\":\"1-2,1-2\"}}],\"name\":\"abouthome\"},{\"type\":\"section\",\"props\":{\"animation\":\"fade\",\"animation_delay\":\"350\",\"image_position\":\"center-center\",\"padding_remove_top\":true,\"status\":\"disabled\",\"style\":\"default\",\"title_breakpoint\":\"xl\",\"title_position\":\"top-left\",\"title_rotation\":\"left\",\"vertical_align\":\"middle\",\"width\":\"small\"},\"children\":[{\"type\":\"row\",\"props\":{\"class\":\"home1 home2\",\"divider\":false,\"layout\":\"1-3,2-3\"},\"children\":[{\"type\":\"column\",\"props\":{\"image_position\":\"center-center\",\"media_overlay_gradient\":\"\",\"position_sticky_breakpoint\":\"m\",\"vertical_align\":\"middle\",\"width_medium\":\"1-3\"},\"children\":[{\"type\":\"text\",\"props\":{\"column_breakpoint\":\"m\",\"content\":\"\n\n<div class=\\\"heading-home\\\"><img src=\\\"https:\\\/\\\/platform.digifolk.eu\\\/wp-content\\\/uploads\\\/2023\\\/05\\\/DigiFolk_WebsiteDesign_26042023_en.svg\\\" uk-svg=\\\"\\\" width=\\\"63\\\" height=\\\"59\\\" class=\\\"\\\" \\\/>\\n\n\n<h1 style=\\\"color: #34519d;\\\" class=\\\"uk-h1\\\"><strong>\\u00a0 Stories<\\\/strong><\\\/h1>\\n<\\\/div>\",\"margin\":\"default\",\"text_align\":\"center\"}}]},{\"type\":\"column\",\"props\":{\"image_position\":\"center-center\",\"media_overlay_gradient\":\"\",\"position_sticky_breakpoint\":\"m\",\"vertical_align\":\"middle\",\"width_medium\":\"2-3\"},\"children\":[]}]}]}],\"version\":\"3.0.20\"} --><\/p>\n","protected":false},"excerpt":{"rendered":"<p>Hikaye Haritalar\u0131 Tale Maps &#8211; Nicosia Lefko\u015fa Tale Maps &#8211; Belgrade Belgrad Tale Maps &#8211; Ankara Ankara Tale Maps &#8211; Groningen Groningen Burada DigiFolk&#8217;a kat\u0131lan..<\/p>\n","protected":false},"author":1,"featured_media":0,"parent":0,"menu_order":0,"comment_status":"closed","ping_status":"closed","template":"","meta":{"_acf_changed":false,"inline_featured_image":false,"footnotes":""},"class_list":["post-2340","page","type-page","status-publish","hentry"],"acf":[],"_links":{"self":[{"href":"https:\/\/platform.digifolk.eu\/tr\/wp-json\/wp\/v2\/pages\/2340","targetHints":{"allow":["GET"]}}],"collection":[{"href":"https:\/\/platform.digifolk.eu\/tr\/wp-json\/wp\/v2\/pages"}],"about":[{"href":"https:\/\/platform.digifolk.eu\/tr\/wp-json\/wp\/v2\/types\/page"}],"author":[{"embeddable":true,"href":"https:\/\/platform.digifolk.eu\/tr\/wp-json\/wp\/v2\/users\/1"}],"replies":[{"embeddable":true,"href":"https:\/\/platform.digifolk.eu\/tr\/wp-json\/wp\/v2\/comments?post=2340"}],"version-history":[{"count":8,"href":"https:\/\/platform.digifolk.eu\/tr\/wp-json\/wp\/v2\/pages\/2340\/revisions"}],"predecessor-version":[{"id":4438,"href":"https:\/\/platform.digifolk.eu\/tr\/wp-json\/wp\/v2\/pages\/2340\/revisions\/4438"}],"wp:attachment":[{"href":"https:\/\/platform.digifolk.eu\/tr\/wp-json\/wp\/v2\/media?parent=2340"}],"curies":[{"name":"wp","href":"https:\/\/api.w.org\/{rel}","templated":true}]}}