{"id":2740,"date":"2024-06-03T09:04:20","date_gmt":"2024-06-03T09:04:20","guid":{"rendered":"https:\/\/platform.digifolk.eu\/resources\/documentaries\/"},"modified":"2025-01-17T15:20:05","modified_gmt":"2025-01-17T15:20:05","slug":"documentaries","status":"publish","type":"page","link":"https:\/\/platform.digifolk.eu\/tr\/toolkit\/documentaries\/","title":{"rendered":"Mini belgeseller"},"content":{"rendered":"<p><img decoding=\"async\" src=\"\/wp-content\/uploads\/2023\/05\/DigiFolk_WebsiteDesign_26042023_en-Recovered-27.svg\" alt=\"\"><\/p>\n<div>\n<div class=\"heading-home\"><img loading=\"lazy\" decoding=\"async\" src=\"https:\/\/platform.digifolk.eu\/wp-content\/uploads\/2024\/06\/DigiFolk_Educational-Videos.svg\" uk-svg=\"\" width=\"56\" height=\"52\" class=\"\" \/><\/p>\n<h1 style=\"color: #34519d;\" class=\"uk-h2\"><strong>\u00a0Mini belgeseller<\/strong><\/h1>\n<\/div>\n<\/div>\n<div>DigiFolk&#8217;u \u0130\u015f Ba\u015f\u0131nda \u0130zleyin- DigiFolk ara\u015ft\u0131rma y\u00f6ntemlerinin projeye dahil olan d\u00f6rt \u015fehirde nas\u0131l hayata ge\u00e7irildi\u011fini g\u00f6steren mini belgesellerimizi ke\u015ffedin.<\/div>\n<p><iframe src=\"https:\/\/youtu.be\/5nPvD43czPg?feature=shared\"><\/iframe><\/p>\n<hr>\n<p><iframe src=\"https:\/\/youtu.be\/z6fl1uz0qVI?feature=shared\"><\/iframe><\/p>\n<hr>\n<p><iframe src=\"https:\/\/youtu.be\/j3cBl54wj1Q?feature=shared\"><\/iframe><\/p>\n<hr>\n<p><iframe src=\"https:\/\/youtu.be\/OkL2Lutn0cg?feature=shared\"><\/iframe><\/p>\n<p><!--more--><br \/>\n<!-- {\"type\":\"layout\",\"children\":[{\"type\":\"section\",\"props\":{\"image_position\":\"center-center\",\"padding_remove_top\":true,\"style\":\"default\",\"title_breakpoint\":\"xl\",\"title_position\":\"top-left\",\"title_rotation\":\"left\",\"vertical_align\":\"middle\",\"width\":\"default\"},\"children\":[{\"type\":\"row\",\"children\":[{\"type\":\"column\",\"props\":{\"image_position\":\"center-center\",\"media_overlay_gradient\":\"\",\"position_sticky_breakpoint\":\"m\"},\"children\":[{\"type\":\"image\",\"props\":{\"image\":\"wp-content\\\/uploads\\\/2023\\\/05\\\/DigiFolk_WebsiteDesign_26042023_en-Recovered-27.svg\",\"image_svg_color\":\"emphasis\",\"margin\":\"default\"}}]}]}]},{\"type\":\"section\",\"props\":{\"animation\":\"slide-bottom-small\",\"image_position\":\"center-center\",\"padding_remove_top\":true,\"style\":\"default\",\"title_breakpoint\":\"xl\",\"title_position\":\"top-left\",\"title_rotation\":\"left\",\"vertical_align\":\"middle\",\"width\":\"small\"},\"children\":[{\"type\":\"row\",\"props\":{\"layout\":\"1-2,1-2\"},\"children\":[{\"type\":\"column\",\"props\":{\"image_position\":\"center-center\",\"media_overlay_gradient\":\"\",\"position_sticky_breakpoint\":\"m\",\"vertical_align\":\"middle\",\"width_medium\":\"1-2\"},\"children\":[{\"type\":\"text\",\"props\":{\"class\":\"max-90-icon\",\"column_breakpoint\":\"m\",\"content\":\"\n\n<div class=\\\"heading-home\\\"><img src=\\\"https:\\\/\\\/platform.digifolk.eu\\\/wp-content\\\/uploads\\\/2024\\\/06\\\/DigiFolk_Educational-Videos.svg\\\" uk-svg=\\\"\\\" width=\\\"56\\\" height=\\\"52\\\" class=\\\"\\\" \\\/>\\n\n\n<h1 style=\\\"color: #34519d;\\\" class=\\\"uk-h2\\\"><strong>\\u00a0Mini belgeseller<\\\/strong><\\\/h1>\\n<\\\/div>\",\"margin\":\"default\"}}]},{\"type\":\"column\",\"props\":{\"image_position\":\"center-center\",\"media_overlay_gradient\":\"\",\"position_sticky_breakpoint\":\"m\",\"vertical_align\":\"middle\",\"width_medium\":\"1-2\"},\"children\":[{\"type\":\"text\",\"props\":{\"column_breakpoint\":\"m\",\"content\":\"DigiFolk'u \\u0130\\u015f Ba\\u015f\\u0131nda \\u0130zleyin- DigiFolk ara\\u015ft\\u0131rma y\\u00f6ntemlerinin projeye dahil olan d\\u00f6rt \\u015fehirde nas\\u0131l hayata ge\\u00e7irildi\\u011fini g\\u00f6steren mini belgesellerimizi ke\\u015ffedin.\",\"margin\":\"default\"}}]}]},{\"type\":\"row\",\"children\":[{\"type\":\"column\",\"props\":{\"image_position\":\"center-center\",\"media_overlay_gradient\":\"\",\"position_sticky_breakpoint\":\"m\"},\"children\":[{\"type\":\"video\",\"props\":{\"margin\":\"default\",\"video\":\"https:\\\/\\\/youtu.be\\\/5nPvD43czPg?feature=shared\",\"video_controls\":true,\"video_height\":\"320\",\"video_width\":\"100%\"}}]}]},{\"type\":\"row\",\"children\":[{\"type\":\"column\",\"props\":{\"image_position\":\"center-center\",\"media_overlay_gradient\":\"\",\"position_sticky_breakpoint\":\"m\"},\"children\":[{\"type\":\"divider\",\"props\":{\"divider_element\":\"hr\"}}]}]},{\"type\":\"row\",\"children\":[{\"type\":\"column\",\"props\":{\"image_position\":\"center-center\",\"media_overlay_gradient\":\"\",\"position_sticky_breakpoint\":\"m\"},\"children\":[{\"type\":\"video\",\"props\":{\"margin\":\"default\",\"video\":\"https:\\\/\\\/youtu.be\\\/z6fl1uz0qVI?feature=shared\",\"video_controls\":true,\"video_height\":\"320\",\"video_width\":\"100%\"}}]}]},{\"type\":\"row\",\"children\":[{\"type\":\"column\",\"props\":{\"image_position\":\"center-center\",\"media_overlay_gradient\":\"\",\"position_sticky_breakpoint\":\"m\"},\"children\":[{\"type\":\"divider\",\"props\":{\"divider_element\":\"hr\"}}]}]},{\"type\":\"row\",\"children\":[{\"type\":\"column\",\"props\":{\"image_position\":\"center-center\",\"media_overlay_gradient\":\"\",\"position_sticky_breakpoint\":\"m\"},\"children\":[{\"type\":\"video\",\"props\":{\"margin\":\"default\",\"video\":\"https:\\\/\\\/youtu.be\\\/j3cBl54wj1Q?feature=shared\",\"video_controls\":true,\"video_height\":\"320\",\"video_width\":\"100%\"}}]}]},{\"type\":\"row\",\"children\":[{\"type\":\"column\",\"props\":{\"image_position\":\"center-center\",\"media_overlay_gradient\":\"\",\"position_sticky_breakpoint\":\"m\"},\"children\":[{\"type\":\"divider\",\"props\":{\"divider_element\":\"hr\"}}]}]},{\"type\":\"row\",\"children\":[{\"type\":\"column\",\"props\":{\"image_position\":\"center-center\",\"media_overlay_gradient\":\"\",\"position_sticky_breakpoint\":\"m\"},\"children\":[{\"type\":\"video\",\"props\":{\"margin\":\"default\",\"video\":\"https:\\\/\\\/youtu.be\\\/OkL2Lutn0cg?feature=shared\",\"video_controls\":true,\"video_height\":\"320\",\"video_width\":\"100%\"}}]}]},{\"type\":\"row\",\"children\":[{\"type\":\"column\",\"props\":{\"image_position\":\"center-center\",\"media_overlay_gradient\":\"\",\"position_sticky_breakpoint\":\"m\"},\"children\":[{\"type\":\"totop\",\"props\":{\"animation\":\"slide-bottom-medium\",\"css\":\".el-title a {\\n    color: #56b79b;\\n}\\n.el-title {\\n\\tfont-weight: bold;\\n    font-size: large;\\n    color: #56b79b;\\n}\",\"link_title\":\"\",\"margin\":\"default\",\"text_align\":\"center\",\"title\":\"<a href=\\\"#\\\" uk-scroll=\\\"\\\">Ba\\u015fa d\\u00f6n<\\\/a>\",\"title_grid_column_gap\":\"small\",\"title_grid_row_gap\":\"small\"},\"name\":\"Scroll TO TOP element\"}]}]}]}],\"version\":\"3.0.20\"} --><\/p>\n","protected":false},"excerpt":{"rendered":"<p>\u00a0Mini belgeseller DigiFolk&#8217;u \u0130\u015f Ba\u015f\u0131nda \u0130zleyin- DigiFolk ara\u015ft\u0131rma y\u00f6ntemlerinin projeye dahil olan d\u00f6rt \u015fehirde nas\u0131l hayata ge\u00e7irildi\u011fini g\u00f6steren mini belgesellerimizi ke\u015ffedin.<\/p>\n","protected":false},"author":1,"featured_media":0,"parent":2336,"menu_order":0,"comment_status":"closed","ping_status":"closed","template":"","meta":{"_acf_changed":false,"inline_featured_image":false,"footnotes":""},"class_list":["post-2740","page","type-page","status-publish","hentry"],"acf":[],"_links":{"self":[{"href":"https:\/\/platform.digifolk.eu\/tr\/wp-json\/wp\/v2\/pages\/2740","targetHints":{"allow":["GET"]}}],"collection":[{"href":"https:\/\/platform.digifolk.eu\/tr\/wp-json\/wp\/v2\/pages"}],"about":[{"href":"https:\/\/platform.digifolk.eu\/tr\/wp-json\/wp\/v2\/types\/page"}],"author":[{"embeddable":true,"href":"https:\/\/platform.digifolk.eu\/tr\/wp-json\/wp\/v2\/users\/1"}],"replies":[{"embeddable":true,"href":"https:\/\/platform.digifolk.eu\/tr\/wp-json\/wp\/v2\/comments?post=2740"}],"version-history":[{"count":8,"href":"https:\/\/platform.digifolk.eu\/tr\/wp-json\/wp\/v2\/pages\/2740\/revisions"}],"predecessor-version":[{"id":5192,"href":"https:\/\/platform.digifolk.eu\/tr\/wp-json\/wp\/v2\/pages\/2740\/revisions\/5192"}],"up":[{"embeddable":true,"href":"https:\/\/platform.digifolk.eu\/tr\/wp-json\/wp\/v2\/pages\/2336"}],"wp:attachment":[{"href":"https:\/\/platform.digifolk.eu\/tr\/wp-json\/wp\/v2\/media?parent=2740"}],"curies":[{"name":"wp","href":"https:\/\/api.w.org\/{rel}","templated":true}]}}