{"id":4901,"date":"2024-12-06T13:39:25","date_gmt":"2024-12-06T13:39:25","guid":{"rendered":"https:\/\/platform.digifolk.eu\/toolkit\/actionbound\/"},"modified":"2025-01-07T12:10:42","modified_gmt":"2025-01-07T12:10:42","slug":"actionbound","status":"publish","type":"page","link":"https:\/\/platform.digifolk.eu\/tr\/toolkit\/actionbound\/","title":{"rendered":"Actionbound"},"content":{"rendered":"<div>\n<p>        <img decoding=\"async\" src=\"\/wp-content\/uploads\/2024\/11\/Maps-Icon-BELGRADE.svg\" alt=\"\"><\/p>\n<h3>Actionbound QR kodlar\u0131 ve ekran kay\u0131tlar\u0131<\/h3>\n<div>\n<p>ActionBound&#8217;u d\u00f6rt \u015fehirde interaktif \u015fehir turlar\u0131 olu\u015fturmak i\u00e7in kulland\u0131k; bu turlarda se\u00e7ilmi\u015f hikayeler kat\u0131l\u0131mc\u0131lar\u0131m\u0131z taraf\u0131ndan se\u00e7ilen mekanlarla e\u015fle\u015ftirildi. Bu turlar\u0131n <strong><a href=\"https:\/\/en.actionbound.com\/\" target=\"_blank\" rel=\"noopener\">ekran<\/a><\/strong> kay\u0131tlar\u0131n\u0131 izlemek i\u00e7in buraya t\u0131klay\u0131n ve turlar\u0131 kendiniz deneyimlemek i\u00e7in QR kodlar\u0131n\u0131 tarat\u0131n!<\/p>\n<p>ActionBound&#8217;daki d\u00f6rt \u015fehir turunun ekran kay\u0131tlar\u0131n\u0131 izleyin.<br \/>\nKendi maceran\u0131za at\u0131lmaya haz\u0131r m\u0131s\u0131n\u0131z? ActionBound uygulamas\u0131n\u0131 telefonunuza indirin, se\u00e7ti\u011finiz \u015fehir turunun QR kodunu tercih etti\u011finiz dilde taray\u0131n ve turun tad\u0131n\u0131 \u00e7\u0131kar\u0131n<\/p>\n<\/div>\n<\/div>\n<p><iframe src=\"https:\/\/youtu.be\/zhbzzf44jmE?feature=shared\"><\/iframe><br \/>\n<iframe src=\"https:\/\/youtu.be\/tPHlhgSJ2eM?feature=shared\"><\/iframe><\/p>\n<ul>\n<li>\n<p>        <img decoding=\"async\" src=\"\/wp-content\/uploads\/2024\/12\/Ankara-EN.png\" alt=\"Ankara-EN\"><\/p>\n<h3>Ankara (en)<\/h3>\n<p>Ba\u011f\u0131\u015flamay\u0131 ba\u015flatmak i\u00e7in bu QR kodunu Actionbound uygulamas\u0131yla taray\u0131n!<\/p>\n<\/li>\n<li>\n<p>        <img decoding=\"async\" src=\"\/wp-content\/uploads\/2024\/12\/Ankara-TR.png\" alt=\"Ankara-TR\"><\/p>\n<h3>Ankara (tr)<\/h3>\n<p>Ba\u011f\u0131\u015flamay\u0131 ba\u015flatmak i\u00e7in bu QR kodunu Actionbound uygulamas\u0131yla taray\u0131n!<\/p>\n<\/li>\n<\/ul>\n<hr>\n<p><iframe src=\"https:\/\/youtu.be\/gegpwTPEkZA?feature=shared\"><\/iframe><br \/>\n<iframe src=\"https:\/\/youtu.be\/reW4mlSeIi8?feature=shared\"><\/iframe><\/p>\n<ul>\n<li>\n<p>        <img decoding=\"async\" src=\"\/wp-content\/uploads\/2024\/12\/Belgrade-EN.png\" alt=\"Belgrade-EN\"><\/p>\n<h3>Belgrade (en)<\/h3>\n<p>Ba\u011f\u0131\u015flamay\u0131 ba\u015flatmak i\u00e7in bu QR kodunu Actionbound uygulamas\u0131yla taray\u0131n!<\/p>\n<\/li>\n<li>\n<p>        <img decoding=\"async\" src=\"\/wp-content\/uploads\/2024\/12\/Belgrade-SR.png\" alt=\"Belgrade-SR\"><\/p>\n<h3>Belgrade (sr)<\/h3>\n<p>Ba\u011f\u0131\u015flamay\u0131 ba\u015flatmak i\u00e7in bu QR kodunu Actionbound uygulamas\u0131yla taray\u0131n!<\/p>\n<\/li>\n<\/ul>\n<hr>\n<p><iframe src=\"https:\/\/youtu.be\/TMijnHD2r3w?feature=shared\"><\/iframe><br \/>\n<iframe src=\"https:\/\/youtu.be\/zIkbrLDS92s?feature=shared\"><\/iframe><br \/>\n<iframe src=\"https:\/\/youtu.be\/Chy-BZVPJm8?feature=shared\"><\/iframe><br \/>\n<iframe src=\"https:\/\/youtu.be\/WmnoVN0VyFw?feature=shared\"><\/iframe><\/p>\n<ul>\n<li>\n<p>        <img decoding=\"async\" src=\"\/wp-content\/uploads\/2024\/12\/Groningen-EN.png\" alt=\"Groningen-EN\"><\/p>\n<h3>Groningen (en)<\/h3>\n<p>Ba\u011f\u0131\u015flamay\u0131 ba\u015flatmak i\u00e7in bu QR kodunu Actionbound uygulamas\u0131yla taray\u0131n!<\/p>\n<\/li>\n<li>\n<p>        <img decoding=\"async\" src=\"\/wp-content\/uploads\/2024\/12\/Groningen-NL.png\" alt=\"Groningen-NL\"><\/p>\n<h3>Groningen (nl)<\/h3>\n<p>Ba\u011f\u0131\u015flamay\u0131 ba\u015flatmak i\u00e7in bu QR kodunu Actionbound uygulamas\u0131yla taray\u0131n!<\/p>\n<\/li>\n<\/ul>\n<hr>\n<p><iframe src=\"https:\/\/youtu.be\/MD4hg2FR-yI?feature=shared\"><\/iframe><br \/>\n<iframe src=\"https:\/\/youtu.be\/e_NOuWODZDU?feature=shared\"><\/iframe><\/p>\n<ul>\n<li>\n<p>        <img decoding=\"async\" src=\"\/wp-content\/uploads\/2024\/12\/Nicosia-EN.png\" alt=\"Nicosia-EN\"><\/p>\n<h3>Nicosia (en)<\/h3>\n<p>Ba\u011f\u0131\u015flamay\u0131 ba\u015flatmak i\u00e7in bu QR kodunu Actionbound uygulamas\u0131yla taray\u0131n!<\/p>\n<\/li>\n<li>\n<p>        <img decoding=\"async\" src=\"\/wp-content\/uploads\/2024\/12\/Nicosia-EL.png\" alt=\"Nicosia-EL\"><\/p>\n<h3>Nicosia (el)<\/h3>\n<p>Ba\u011f\u0131\u015flamay\u0131 ba\u015flatmak i\u00e7in bu QR kodunu Actionbound uygulamas\u0131yla taray\u0131n!<\/p>\n<\/li>\n<\/ul>\n<p><!--more--><br \/>\n<!-- {\"type\":\"layout\",\"children\":[{\"type\":\"section\",\"props\":{\"animation\":\"slide-top-medium\",\"animation_delay\":\"350\",\"image_position\":\"center-center\",\"padding_remove_top\":true,\"style\":\"default\",\"title_breakpoint\":\"xl\",\"title_position\":\"top-left\",\"title_rotation\":\"left\",\"vertical_align\":\"middle\",\"width\":\"small\"},\"children\":[{\"type\":\"row\",\"props\":{\"class\":\"home1 home2\",\"divider\":false},\"children\":[{\"type\":\"column\",\"props\":{\"image_position\":\"center-center\",\"media_overlay_gradient\":\"\",\"position_sticky_breakpoint\":\"m\",\"vertical_align\":\"middle\",\"width_medium\":\"\"},\"children\":[{\"type\":\"panel\",\"props\":{\"block_align\":\"center\",\"content\":\"\n\n<p>ActionBound'u d\\u00f6rt \\u015fehirde interaktif \\u015fehir turlar\\u0131 olu\\u015fturmak i\\u00e7in kulland\\u0131k; bu turlarda se\\u00e7ilmi\\u015f hikayeler kat\\u0131l\\u0131mc\\u0131lar\\u0131m\\u0131z taraf\\u0131ndan se\\u00e7ilen mekanlarla e\\u015fle\\u015ftirildi. Bu turlar\\u0131n <strong><a href=\\\"https:\\\/\\\/en.actionbound.com\\\/\\\" target=\\\"_blank\\\" rel=\\\"noopener\\\">ekran<\\\/a><\\\/strong> kay\\u0131tlar\\u0131n\\u0131 izlemek i\\u00e7in buraya t\\u0131klay\\u0131n ve turlar\\u0131 kendiniz deneyimlemek i\\u00e7in QR kodlar\\u0131n\\u0131 tarat\\u0131n!<\\\/p>\\n\\n\n\n<p>ActionBound'daki d\\u00f6rt \\u015fehir turunun ekran kay\\u0131tlar\\u0131n\\u0131 izleyin.\\nKendi maceran\\u0131za at\\u0131lmaya haz\\u0131r m\\u0131s\\u0131n\\u0131z? ActionBound uygulamas\\u0131n\\u0131 telefonunuza indirin, se\\u00e7ti\\u011finiz \\u015fehir turunun QR kodunu tercih etti\\u011finiz dilde taray\\u0131n ve turun tad\\u0131n\\u0131 \\u00e7\\u0131kar\\u0131n<\\\/p>\\n\",\"content_column_breakpoint\":\"m\",\"css\":\".el-title {\\n\\tfont-weight: bold;\\n}\\n.el-image {\\n\\tmax-width: 75px;\\n}\",\"icon_width\":80,\"image\":\"wp-content\\\/uploads\\\/2024\\\/11\\\/Maps-Icon-BELGRADE.svg\",\"image_align\":\"left\",\"image_alt\":\"\",\"image_grid_breakpoint\":\"m\",\"image_grid_width\":\"auto\",\"image_loading\":true,\"image_svg_color\":\"emphasis\",\"link\":\"\",\"link_style\":\"default\",\"link_target\":true,\"link_text\":\"See QR codes\",\"margin\":\"default\",\"meta_align\":\"below-title\",\"meta_element\":\"div\",\"meta_style\":\"text-meta\",\"title\":\"Actionbound QR kodlar\\u0131 ve ekran kay\\u0131tlar\\u0131\",\"title_align\":\"top\",\"title_color\":\"secondary\",\"title_element\":\"h3\",\"title_grid_breakpoint\":\"m\",\"title_grid_width\":\"1-2\",\"title_hover_style\":\"reset\"},\"name\":\"Actionbound QRs and screen recording CARD\"}]}]},{\"type\":\"row\",\"children\":[{\"type\":\"column\",\"props\":{\"image_position\":\"center-center\",\"media_overlay_gradient\":\"\",\"position_sticky_breakpoint\":\"m\"},\"children\":[{\"type\":\"video\",\"props\":{\"animation\":\"fade\",\"margin\":\"default\",\"status\":\"\",\"video\":\"https:\\\/\\\/youtu.be\\\/zhbzzf44jmE?feature=shared\",\"video_controls\":true,\"video_height\":\"360\",\"video_width\":\"100%\"}},{\"type\":\"video\",\"props\":{\"animation\":\"fade\",\"margin\":\"default\",\"status\":\"\",\"video\":\"https:\\\/\\\/youtu.be\\\/tPHlhgSJ2eM?feature=shared\",\"video_controls\":true,\"video_height\":\"360\",\"video_width\":\"100%\"}},{\"type\":\"grid\",\"props\":{\"content_column_breakpoint\":\"m\",\"filter_align\":\"left\",\"filter_all\":true,\"filter_grid_breakpoint\":\"m\",\"filter_grid_width\":\"auto\",\"filter_position\":\"top\",\"filter_style\":\"tab\",\"grid_default\":\"1\",\"grid_divider\":false,\"grid_medium\":\"2\",\"icon_width\":80,\"image_align\":\"top\",\"image_grid_breakpoint\":\"m\",\"image_grid_width\":\"1-2\",\"image_svg_color\":\"emphasis\",\"item_animation\":true,\"lightbox\":false,\"link_style\":\"default\",\"link_text\":\"Read more\",\"margin\":\"default\",\"meta_align\":\"below-title\",\"meta_element\":\"div\",\"meta_style\":\"text-meta\",\"panel_padding\":\"default\",\"panel_style\":\"card-secondary\",\"show_content\":true,\"show_image\":true,\"show_link\":true,\"show_meta\":true,\"show_title\":true,\"title_align\":\"top\",\"title_element\":\"h3\",\"title_grid_breakpoint\":\"m\",\"title_grid_width\":\"1-2\",\"title_hover_style\":\"reset\",\"title_style\":\"h3\"},\"children\":[{\"type\":\"grid_item\",\"props\":{\"image\":\"wp-content\\\/uploads\\\/2024\\\/12\\\/Ankara-EN.png\",\"image_alt\":\"Ankara-EN\",\"meta\":\"Ba\\u011f\\u0131\\u015flamay\\u0131 ba\\u015flatmak i\\u00e7in bu QR kodunu Actionbound uygulamas\\u0131yla taray\\u0131n!\",\"title\":\"Ankara (en)\"}},{\"type\":\"grid_item\",\"props\":{\"image\":\"wp-content\\\/uploads\\\/2024\\\/12\\\/Ankara-TR.png\",\"image_alt\":\"Ankara-TR\",\"meta\":\"Ba\\u011f\\u0131\\u015flamay\\u0131 ba\\u015flatmak i\\u00e7in bu QR kodunu Actionbound uygulamas\\u0131yla taray\\u0131n!\",\"title\":\"Ankara (tr)\"}}],\"name\":\"Ankara QR\"}]}]},{\"type\":\"row\",\"children\":[{\"type\":\"column\",\"props\":{\"image_position\":\"center-center\",\"media_overlay_gradient\":\"\",\"position_sticky_breakpoint\":\"m\"},\"children\":[{\"type\":\"divider\",\"props\":{\"divider_element\":\"hr\"}}]}]},{\"type\":\"row\",\"children\":[{\"type\":\"column\",\"props\":{\"image_position\":\"center-center\",\"media_overlay_gradient\":\"\",\"position_sticky_breakpoint\":\"m\"},\"children\":[{\"type\":\"video\",\"props\":{\"animation\":\"fade\",\"margin\":\"default\",\"status\":\"\",\"video\":\"https:\\\/\\\/youtu.be\\\/gegpwTPEkZA?feature=shared\",\"video_controls\":true,\"video_height\":\"360\",\"video_width\":\"100%\"}},{\"type\":\"video\",\"props\":{\"animation\":\"fade\",\"margin\":\"default\",\"status\":\"\",\"video\":\"https:\\\/\\\/youtu.be\\\/reW4mlSeIi8?feature=shared\",\"video_controls\":true,\"video_height\":\"360\",\"video_width\":\"100%\"}},{\"type\":\"grid\",\"props\":{\"content_column_breakpoint\":\"m\",\"filter_align\":\"left\",\"filter_all\":true,\"filter_grid_breakpoint\":\"m\",\"filter_grid_width\":\"auto\",\"filter_position\":\"top\",\"filter_style\":\"tab\",\"grid_default\":\"1\",\"grid_divider\":false,\"grid_medium\":\"2\",\"icon_width\":80,\"image_align\":\"top\",\"image_grid_breakpoint\":\"m\",\"image_grid_width\":\"1-2\",\"image_svg_color\":\"emphasis\",\"item_animation\":true,\"lightbox\":false,\"link_style\":\"default\",\"link_text\":\"Read more\",\"margin\":\"default\",\"meta_align\":\"below-title\",\"meta_element\":\"div\",\"meta_style\":\"text-meta\",\"panel_padding\":\"default\",\"panel_style\":\"card-secondary\",\"show_content\":true,\"show_image\":true,\"show_link\":true,\"show_meta\":true,\"show_title\":true,\"title_align\":\"top\",\"title_element\":\"h3\",\"title_grid_breakpoint\":\"m\",\"title_grid_width\":\"1-2\",\"title_hover_style\":\"reset\",\"title_style\":\"h3\"},\"children\":[{\"type\":\"grid_item\",\"props\":{\"image\":\"wp-content\\\/uploads\\\/2024\\\/12\\\/Belgrade-EN.png\",\"image_alt\":\"Belgrade-EN\",\"meta\":\"Ba\\u011f\\u0131\\u015flamay\\u0131 ba\\u015flatmak i\\u00e7in bu QR kodunu Actionbound uygulamas\\u0131yla taray\\u0131n!\",\"title\":\"Belgrade (en)\"}},{\"type\":\"grid_item\",\"props\":{\"image\":\"wp-content\\\/uploads\\\/2024\\\/12\\\/Belgrade-SR.png\",\"image_alt\":\"Belgrade-SR\",\"meta\":\"Ba\\u011f\\u0131\\u015flamay\\u0131 ba\\u015flatmak i\\u00e7in bu QR kodunu Actionbound uygulamas\\u0131yla taray\\u0131n!\",\"title\":\"Belgrade (sr)\"}}],\"name\":\"Belgrade QR\"}]}]},{\"type\":\"row\",\"children\":[{\"type\":\"column\",\"props\":{\"image_position\":\"center-center\",\"media_overlay_gradient\":\"\",\"position_sticky_breakpoint\":\"m\"},\"children\":[{\"type\":\"divider\",\"props\":{\"divider_element\":\"hr\"}}]}]},{\"type\":\"row\",\"children\":[{\"type\":\"column\",\"props\":{\"image_position\":\"center-center\",\"media_overlay_gradient\":\"\",\"position_sticky_breakpoint\":\"m\"},\"children\":[{\"type\":\"video\",\"props\":{\"animation\":\"fade\",\"margin\":\"default\",\"status\":\"\",\"video\":\"https:\\\/\\\/youtu.be\\\/TMijnHD2r3w?feature=shared\",\"video_controls\":true,\"video_height\":\"360\",\"video_width\":\"100%\"}},{\"type\":\"video\",\"props\":{\"animation\":\"fade\",\"margin\":\"default\",\"status\":\"\",\"video\":\"https:\\\/\\\/youtu.be\\\/zIkbrLDS92s?feature=shared\",\"video_controls\":true,\"video_height\":\"360\",\"video_width\":\"100%\"}},{\"type\":\"video\",\"props\":{\"animation\":\"fade\",\"margin\":\"default\",\"status\":\"\",\"video\":\"https:\\\/\\\/youtu.be\\\/Chy-BZVPJm8?feature=shared\",\"video_controls\":true,\"video_height\":\"360\",\"video_width\":\"100%\"}},{\"type\":\"video\",\"props\":{\"animation\":\"fade\",\"margin\":\"default\",\"status\":\"\",\"video\":\"https:\\\/\\\/youtu.be\\\/WmnoVN0VyFw?feature=shared\",\"video_controls\":true,\"video_height\":\"360\",\"video_width\":\"100%\"}},{\"type\":\"grid\",\"props\":{\"content_column_breakpoint\":\"m\",\"filter_align\":\"left\",\"filter_all\":true,\"filter_grid_breakpoint\":\"m\",\"filter_grid_width\":\"auto\",\"filter_position\":\"top\",\"filter_style\":\"tab\",\"grid_default\":\"1\",\"grid_divider\":false,\"grid_medium\":\"2\",\"icon_width\":80,\"image_align\":\"top\",\"image_grid_breakpoint\":\"m\",\"image_grid_width\":\"1-2\",\"image_svg_color\":\"emphasis\",\"item_animation\":true,\"lightbox\":false,\"link_style\":\"default\",\"link_text\":\"Read more\",\"margin\":\"default\",\"meta_align\":\"below-title\",\"meta_element\":\"div\",\"meta_style\":\"text-meta\",\"panel_padding\":\"default\",\"panel_style\":\"card-secondary\",\"show_content\":true,\"show_image\":true,\"show_link\":true,\"show_meta\":true,\"show_title\":true,\"title_align\":\"top\",\"title_element\":\"h3\",\"title_grid_breakpoint\":\"m\",\"title_grid_width\":\"1-2\",\"title_hover_style\":\"reset\",\"title_style\":\"h3\"},\"children\":[{\"type\":\"grid_item\",\"props\":{\"image\":\"wp-content\\\/uploads\\\/2024\\\/12\\\/Groningen-EN.png\",\"image_alt\":\"Groningen-EN\",\"meta\":\"Ba\\u011f\\u0131\\u015flamay\\u0131 ba\\u015flatmak i\\u00e7in bu QR kodunu Actionbound uygulamas\\u0131yla taray\\u0131n!\",\"title\":\"Groningen (en)\"}},{\"type\":\"grid_item\",\"props\":{\"image\":\"wp-content\\\/uploads\\\/2024\\\/12\\\/Groningen-NL.png\",\"image_alt\":\"Groningen-NL\",\"meta\":\"Ba\\u011f\\u0131\\u015flamay\\u0131 ba\\u015flatmak i\\u00e7in bu QR kodunu Actionbound uygulamas\\u0131yla taray\\u0131n!\",\"title\":\"Groningen (nl)\"}}],\"name\":\"Groningen QR\"}]}]},{\"type\":\"row\",\"children\":[{\"type\":\"column\",\"props\":{\"image_position\":\"center-center\",\"media_overlay_gradient\":\"\",\"position_sticky_breakpoint\":\"m\"},\"children\":[{\"type\":\"divider\",\"props\":{\"divider_element\":\"hr\"}}]}]},{\"type\":\"row\",\"children\":[{\"type\":\"column\",\"props\":{\"image_position\":\"center-center\",\"media_overlay_gradient\":\"\",\"position_sticky_breakpoint\":\"m\"},\"children\":[{\"type\":\"video\",\"props\":{\"animation\":\"fade\",\"margin\":\"default\",\"status\":\"\",\"video\":\"https:\\\/\\\/youtu.be\\\/MD4hg2FR-yI?feature=shared\",\"video_controls\":true,\"video_height\":\"360\",\"video_width\":\"100%\"}},{\"type\":\"video\",\"props\":{\"animation\":\"fade\",\"margin\":\"default\",\"status\":\"\",\"video\":\"https:\\\/\\\/youtu.be\\\/e_NOuWODZDU?feature=shared\",\"video_controls\":true,\"video_height\":\"360\",\"video_width\":\"100%\"}},{\"type\":\"grid\",\"props\":{\"content_column_breakpoint\":\"m\",\"filter_align\":\"left\",\"filter_all\":true,\"filter_grid_breakpoint\":\"m\",\"filter_grid_width\":\"auto\",\"filter_position\":\"top\",\"filter_style\":\"tab\",\"grid_default\":\"1\",\"grid_divider\":false,\"grid_medium\":\"2\",\"icon_width\":80,\"image_align\":\"top\",\"image_grid_breakpoint\":\"m\",\"image_grid_width\":\"1-2\",\"image_svg_color\":\"emphasis\",\"item_animation\":true,\"lightbox\":false,\"link_style\":\"default\",\"link_text\":\"Read more\",\"margin\":\"default\",\"meta_align\":\"below-title\",\"meta_element\":\"div\",\"meta_style\":\"text-meta\",\"panel_padding\":\"default\",\"panel_style\":\"card-secondary\",\"show_content\":true,\"show_image\":true,\"show_link\":true,\"show_meta\":true,\"show_title\":true,\"title_align\":\"top\",\"title_element\":\"h3\",\"title_grid_breakpoint\":\"m\",\"title_grid_width\":\"1-2\",\"title_hover_style\":\"reset\",\"title_style\":\"h3\"},\"children\":[{\"type\":\"grid_item\",\"props\":{\"image\":\"wp-content\\\/uploads\\\/2024\\\/12\\\/Nicosia-EN.png\",\"image_alt\":\"Nicosia-EN\",\"meta\":\"Ba\\u011f\\u0131\\u015flamay\\u0131 ba\\u015flatmak i\\u00e7in bu QR kodunu Actionbound uygulamas\\u0131yla taray\\u0131n!\",\"title\":\"Nicosia (en)\"}},{\"type\":\"grid_item\",\"props\":{\"image\":\"wp-content\\\/uploads\\\/2024\\\/12\\\/Nicosia-EL.png\",\"image_alt\":\"Nicosia-EL\",\"meta\":\"Ba\\u011f\\u0131\\u015flamay\\u0131 ba\\u015flatmak i\\u00e7in bu QR kodunu Actionbound uygulamas\\u0131yla taray\\u0131n!\",\"title\":\"Nicosia (el)\"}}],\"name\":\"Nicosia QR\"}]}]}],\"name\":\"NEW - Flipbook pages\"}],\"version\":\"3.0.20\"} --><\/p>\n","protected":false},"excerpt":{"rendered":"<p>Actionbound QR kodlar\u0131 ve ekran kay\u0131tlar\u0131 ActionBound&#8217;u d\u00f6rt \u015fehirde interaktif \u015fehir turlar\u0131 olu\u015fturmak i\u00e7in kulland\u0131k; bu turlarda se\u00e7ilmi\u015f hikayeler kat\u0131l\u0131mc\u0131lar\u0131m\u0131z taraf\u0131ndan se\u00e7ilen mekanlarla e\u015fle\u015ftirildi. Bu..<\/p>\n","protected":false},"author":1,"featured_media":0,"parent":2336,"menu_order":0,"comment_status":"closed","ping_status":"closed","template":"","meta":{"_acf_changed":false,"inline_featured_image":false,"footnotes":""},"class_list":["post-4901","page","type-page","status-publish","hentry"],"acf":[],"_links":{"self":[{"href":"https:\/\/platform.digifolk.eu\/tr\/wp-json\/wp\/v2\/pages\/4901","targetHints":{"allow":["GET"]}}],"collection":[{"href":"https:\/\/platform.digifolk.eu\/tr\/wp-json\/wp\/v2\/pages"}],"about":[{"href":"https:\/\/platform.digifolk.eu\/tr\/wp-json\/wp\/v2\/types\/page"}],"author":[{"embeddable":true,"href":"https:\/\/platform.digifolk.eu\/tr\/wp-json\/wp\/v2\/users\/1"}],"replies":[{"embeddable":true,"href":"https:\/\/platform.digifolk.eu\/tr\/wp-json\/wp\/v2\/comments?post=4901"}],"version-history":[{"count":5,"href":"https:\/\/platform.digifolk.eu\/tr\/wp-json\/wp\/v2\/pages\/4901\/revisions"}],"predecessor-version":[{"id":5090,"href":"https:\/\/platform.digifolk.eu\/tr\/wp-json\/wp\/v2\/pages\/4901\/revisions\/5090"}],"up":[{"embeddable":true,"href":"https:\/\/platform.digifolk.eu\/tr\/wp-json\/wp\/v2\/pages\/2336"}],"wp:attachment":[{"href":"https:\/\/platform.digifolk.eu\/tr\/wp-json\/wp\/v2\/media?parent=4901"}],"curies":[{"name":"wp","href":"https:\/\/api.w.org\/{rel}","templated":true}]}}