{"id":4917,"date":"2024-11-20T08:31:04","date_gmt":"2024-11-20T08:31:04","guid":{"rendered":"https:\/\/platform.digifolk.eu\/toolkit\/literature-review\/"},"modified":"2025-01-07T10:53:13","modified_gmt":"2025-01-07T10:53:13","slug":"literature-review","status":"publish","type":"page","link":"https:\/\/platform.digifolk.eu\/tr\/toolkit\/literature-review\/","title":{"rendered":"Literat\u00fcr Taramas\u0131"},"content":{"rendered":"<div>\n<p>        <img decoding=\"async\" src=\"\/wp-content\/uploads\/2023\/05\/DigiFolk_WebsiteDesign_26042023_en-23.svg\" alt=\"\"><\/p>\n<div>Halk hikayelerinin nas\u0131l g\u00fc\u00e7l\u00fc s\u00f6zl\u00fc tarihler olarak hizmet etti\u011fini, egemen anlat\u0131lara meydan okudu\u011funu ve marjinalle\u015ftirilmi\u015f topluluklar\u0131n seslerini y\u00fckselten zengin, n\u00fcansl\u0131 hikayeleri nas\u0131l destekledi\u011fini ke\u015ffedin.<\/div>\n<p><a href=\"\/wp-content\/uploads\/2025\/01\/DigiFolk_WP2LiteratureReview_Turkish.docx.pdf\">PDF olarak g\u00f6r\u00fcnt\u00fcle<\/a><\/p>\n<\/div>\n<div>\n<h3>Literature review TR<\/h3>\n<p><a href=\"\/wp-content\/uploads\/2025\/01\/DigiFolk_WP2LiteratureReview_Turkish.docx.pdf\"><\/a><\/p>\n<\/div>\n<p><!--more--><br \/>\n<!-- {\"type\":\"layout\",\"children\":[{\"type\":\"section\",\"props\":{\"animation\":\"slide-top-medium\",\"animation_delay\":\"350\",\"image_position\":\"center-center\",\"padding_remove_top\":true,\"style\":\"default\",\"title_breakpoint\":\"xl\",\"title_position\":\"top-left\",\"title_rotation\":\"left\",\"vertical_align\":\"middle\",\"width\":\"small\"},\"children\":[{\"type\":\"row\",\"props\":{\"class\":\"home1 home2\",\"divider\":false},\"children\":[{\"type\":\"column\",\"props\":{\"image_position\":\"center-center\",\"media_overlay_gradient\":\"\",\"position_sticky_breakpoint\":\"m\",\"vertical_align\":\"middle\",\"width_medium\":\"\"},\"children\":[{\"type\":\"panel\",\"props\":{\"block_align\":\"center\",\"content\":\"Halk hikayelerinin nas\\u0131l g\\u00fc\\u00e7l\\u00fc s\\u00f6zl\\u00fc tarihler olarak hizmet etti\\u011fini, egemen anlat\\u0131lara meydan okudu\\u011funu ve marjinalle\\u015ftirilmi\\u015f topluluklar\\u0131n seslerini y\\u00fckselten zengin, n\\u00fcansl\\u0131 hikayeleri nas\\u0131l destekledi\\u011fini ke\\u015ffedin.\",\"content_column_breakpoint\":\"m\",\"css\":\".el-title {\\n\\tfont-weight: bold;\\n}\\n.el-image {\\n\\tmax-width: 75px;\\n}\",\"icon_width\":80,\"image\":\"wp-content\\\/uploads\\\/2023\\\/05\\\/DigiFolk_WebsiteDesign_26042023_en-23.svg\",\"image_align\":\"left\",\"image_grid_breakpoint\":\"m\",\"image_grid_width\":\"auto\",\"image_svg_color\":\"emphasis\",\"link\":\"wp-content\\\/uploads\\\/2025\\\/01\\\/DigiFolk_WP2LiteratureReview_Turkish.docx.pdf\",\"link_style\":\"default\",\"link_target\":true,\"link_text\":\"PDF olarak g\\u00f6r\\u00fcnt\\u00fcle\",\"margin\":\"default\",\"meta_align\":\"below-title\",\"meta_element\":\"div\",\"meta_style\":\"text-meta\",\"title_align\":\"top\",\"title_color\":\"secondary\",\"title_element\":\"h3\",\"title_grid_breakpoint\":\"m\",\"title_grid_width\":\"1-2\",\"title_hover_style\":\"reset\"},\"source\":{\"query\":{\"name\":\"pages.singlePage\"},\"props\":{\"title\":{\"filters\":{\"search\":\"\"},\"name\":\"title\"}}}}]}]},{\"type\":\"row\",\"children\":[{\"type\":\"column\",\"props\":{\"image_position\":\"center-center\",\"media_overlay_gradient\":\"\",\"position_sticky_breakpoint\":\"m\"},\"children\":[{\"type\":\"djflipbook\",\"props\":{\"content_column_breakpoint\":\"m\",\"grid_default\":\"1\",\"grid_medium\":\"\",\"grid_xlarge\":\"1\",\"icon_width\":80,\"image_align\":\"top\",\"image_grid_breakpoint\":\"m\",\"image_grid_width\":\"1-2\",\"image_svg_color\":\"emphasis\",\"item_animation\":\"\",\"margin\":\"default\",\"margin_remove_top\":true,\"meta_align\":\"below-title\",\"meta_element\":\"div\",\"meta_style\":\"meta\",\"panel_size\":\"small\",\"panel_style\":\"card-primary\",\"show_content\":true,\"show_image\":true,\"show_link\":true,\"show_meta\":true,\"show_title\":false,\"title_align\":\"top\",\"title_element\":\"h3\",\"title_grid_breakpoint\":\"m\",\"title_grid_width\":\"1-2\",\"title_hover_style\":\"reset\"},\"children\":[{\"type\":\"flipbook_item\",\"props\":{\"link\":\"\\\/wp-content\\\/uploads\\\/2025\\\/01\\\/DigiFolk_WP2LiteratureReview_Turkish.docx.pdf\",\"title\":\"Literature review TR\"}}]}]}]}],\"name\":\"NEW - Flipbook pages\"}],\"version\":\"3.0.20\"} --><\/p>\n","protected":false},"excerpt":{"rendered":"<p>Halk hikayelerinin nas\u0131l g\u00fc\u00e7l\u00fc s\u00f6zl\u00fc tarihler olarak hizmet etti\u011fini, egemen anlat\u0131lara meydan okudu\u011funu ve marjinalle\u015ftirilmi\u015f topluluklar\u0131n seslerini y\u00fckselten zengin, n\u00fcansl\u0131 hikayeleri nas\u0131l destekledi\u011fini ke\u015ffedin. PDF..<\/p>\n","protected":false},"author":1,"featured_media":0,"parent":2336,"menu_order":0,"comment_status":"closed","ping_status":"closed","template":"","meta":{"_acf_changed":false,"inline_featured_image":false,"footnotes":""},"class_list":["post-4917","page","type-page","status-publish","hentry"],"acf":[],"_links":{"self":[{"href":"https:\/\/platform.digifolk.eu\/tr\/wp-json\/wp\/v2\/pages\/4917","targetHints":{"allow":["GET"]}}],"collection":[{"href":"https:\/\/platform.digifolk.eu\/tr\/wp-json\/wp\/v2\/pages"}],"about":[{"href":"https:\/\/platform.digifolk.eu\/tr\/wp-json\/wp\/v2\/types\/page"}],"author":[{"embeddable":true,"href":"https:\/\/platform.digifolk.eu\/tr\/wp-json\/wp\/v2\/users\/1"}],"replies":[{"embeddable":true,"href":"https:\/\/platform.digifolk.eu\/tr\/wp-json\/wp\/v2\/comments?post=4917"}],"version-history":[{"count":4,"href":"https:\/\/platform.digifolk.eu\/tr\/wp-json\/wp\/v2\/pages\/4917\/revisions"}],"predecessor-version":[{"id":5065,"href":"https:\/\/platform.digifolk.eu\/tr\/wp-json\/wp\/v2\/pages\/4917\/revisions\/5065"}],"up":[{"embeddable":true,"href":"https:\/\/platform.digifolk.eu\/tr\/wp-json\/wp\/v2\/pages\/2336"}],"wp:attachment":[{"href":"https:\/\/platform.digifolk.eu\/tr\/wp-json\/wp\/v2\/media?parent=4917"}],"curies":[{"name":"wp","href":"https:\/\/api.w.org\/{rel}","templated":true}]}}